{"id":248,"date":"2024-11-09T13:02:00","date_gmt":"2024-11-09T20:02:00","guid":{"rendered":"https:\/\/hexibella.com\/product\/hexibella-winter-shoes\/"},"modified":"2025-01-25T15:35:34","modified_gmt":"2025-01-25T22:35:34","slug":"botas-de-inverno-hexibella","status":"publish","type":"product","link":"https:\/\/hexibella-mode.fr\/pt\/product\/botas-de-inverno-hexibella\/","title":{"rendered":"Botas de inverno Hexibella"},"content":{"rendered":"<div class=\"wp-block-uagb-testimonial uagb-slick-carousel uagb-tm__arrow-outside uagb-block-2a04bfe9\"><div class=\"is-carousel uagb-tm__columns-1 uagb-tm__items\"><div class=\"uagb-testimonial__wrap  uagb-tm__imgicon-style-circle uagb-tm__image-position-bottom uagb-tm__bg-type-none\"><div class=\"uagb-tm__content\"><div class=\"uagb-tm__overlay\"><\/div><div class=\"uagb-tm__text-wrap\"><div class=\"uagb-tm__desc\">Elas s\u00e3o aconchegantes sem serem volumosas e ficam \u00f3timas com minhas roupas de inverno. Os colegas de trabalho me elogiam ou me perguntam onde as comprei.<\/div><div class=\"uagb-tm__meta-inner\"><div class=\"uagb-testimonial-details\"><span class=\"uagb-tm__author-name\">Aoife Gallagher<\/span><span class=\"uagb-tm__company\">Irlanda, \u2b50\u2b50\u2b50\u2b50\u2b50<\/span><\/div><\/div><\/div><\/div><\/div><div class=\"uagb-testimonial__wrap  uagb-tm__imgicon-style-circle uagb-tm__image-position-bottom uagb-tm__bg-type-none\"><div class=\"uagb-tm__content\"><div class=\"uagb-tm__overlay\"><\/div><div class=\"uagb-tm__text-wrap\"><div class=\"uagb-tm__desc\">Essas botas s\u00e3o exatamente o que eu precisava. Elas s\u00e3o confort\u00e1veis o suficiente para longas caminhadas e realmente protegem contra o frio. \u00c9 bom ter botas que s\u00e3o quentes e elegantes ao mesmo tempo.<\/div><div class=\"uagb-tm__meta-inner\"><div class=\"uagb-testimonial-details\"><span class=\"uagb-tm__author-name\">Isabella Poilievre<\/span><span class=\"uagb-tm__company\">Fran\u00e7a, \u2b50\u2b50\u2b50\u2b50\u2b50<\/span><\/div><\/div><\/div><\/div><\/div><div class=\"uagb-testimonial__wrap  uagb-tm__imgicon-style-circle uagb-tm__image-position-bottom uagb-tm__bg-type-none\"><div class=\"uagb-tm__content\"><div class=\"uagb-tm__overlay\"><\/div><div class=\"uagb-tm__text-wrap\"><div class=\"uagb-tm__desc\">Essas botas s\u00e3o um salva-vidas nos invernos! Elas mant\u00eam meus p\u00e9s sempre aquecidos e secos, mesmo quando est\u00e1 nevando muito, e a qualidade \u00e9 fant\u00e1stica<\/div><div class=\"uagb-tm__meta-inner\"><div class=\"uagb-testimonial-details\"><span class=\"uagb-tm__author-name\">Lina Schmidt<\/span><span class=\"uagb-tm__company\">Alemanha, \u2b50\u2b50\u2b50\u2b50\u2b50<\/span><\/div><\/div><\/div><\/div><\/div><\/div><\/div>\n\n\n\n<div style=\"height:64px\" aria-hidden=\"true\" class=\"wp-block-spacer\"><\/div>\n\n\n\n<div class=\"wp-block-media-text has-media-on-the-right is-stacked-on-mobile\"><div class=\"wp-block-media-text__content\">\n<p>Nossas botas combinam estilo com funcionalidade aconchegante, criadas com materiais resistentes para manter os p\u00e9s secos na neve ou na chuva. Com forro de pel\u00facia com isolamento t\u00e9rmico e solado resistente, elas s\u00e3o perfeitas tanto para as ruas da cidade quanto para as trilhas acidentadas de inverno.<\/p>\n<\/div><figure class=\"wp-block-media-text__media\"><img decoding=\"async\" width=\"478\" height=\"478\" src=\"https:\/\/hexibella.com\/wp-content\/uploads\/2024\/11\/e977167d-85bb-42ca-8fe8-85e32df3233f-3.jpg\" alt=\"\" class=\"wp-image-265 size-full\" srcset=\"https:\/\/hexibella-mode.fr\/wp-content\/uploads\/2024\/11\/e977167d-85bb-42ca-8fe8-85e32df3233f-3.jpg 478w, https:\/\/hexibella-mode.fr\/wp-content\/uploads\/2024\/11\/e977167d-85bb-42ca-8fe8-85e32df3233f-3-300x300.jpg 300w, https:\/\/hexibella-mode.fr\/wp-content\/uploads\/2024\/11\/e977167d-85bb-42ca-8fe8-85e32df3233f-3-80x80.jpg 80w, https:\/\/hexibella-mode.fr\/wp-content\/uploads\/2024\/11\/e977167d-85bb-42ca-8fe8-85e32df3233f-3-150x150.jpg 150w\" sizes=\"(max-width: 478px) 100vw, 478px\" \/><\/figure><\/div>\n\n\n\n<div class=\"wp-block-media-text is-stacked-on-mobile\" style=\"padding-top:var(--wp--preset--spacing--30);padding-bottom:var(--wp--preset--spacing--30)\"><figure class=\"wp-block-media-text__media\"><img decoding=\"async\" width=\"800\" height=\"800\" src=\"https:\/\/hexibella.com\/wp-content\/uploads\/2024\/11\/6180c9a4-60bc-467f-a334-6c792b9c0619.webp\" alt=\"\" class=\"wp-image-318 size-full\" srcset=\"https:\/\/hexibella-mode.fr\/wp-content\/uploads\/2024\/11\/6180c9a4-60bc-467f-a334-6c792b9c0619.webp 800w, https:\/\/hexibella-mode.fr\/wp-content\/uploads\/2024\/11\/6180c9a4-60bc-467f-a334-6c792b9c0619-300x300.webp 300w, https:\/\/hexibella-mode.fr\/wp-content\/uploads\/2024\/11\/6180c9a4-60bc-467f-a334-6c792b9c0619-80x80.webp 80w, https:\/\/hexibella-mode.fr\/wp-content\/uploads\/2024\/11\/6180c9a4-60bc-467f-a334-6c792b9c0619-150x150.webp 150w, https:\/\/hexibella-mode.fr\/wp-content\/uploads\/2024\/11\/6180c9a4-60bc-467f-a334-6c792b9c0619-768x768.webp 768w\" sizes=\"(max-width: 800px) 100vw, 800px\" \/><\/figure><div class=\"wp-block-media-text__content\">\n<p>As botas Hexibella podem ser usadas de duas maneiras! Primeiro, como uma bota dobrada que contrasta a camada externa com o isolamento de pel\u00facia bege. Al\u00e9m disso, ela pode ser usada como uma bota de comprimento total, permitindo que voc\u00ea mude o estilo da bota dependendo do seu traje!<\/p>\n<\/div><\/div>\n\n\n\n<div class=\"wp-block-media-text has-media-on-the-right is-stacked-on-mobile\"><div class=\"wp-block-media-text__content\">\n<p>Feitas para serem usadas o dia todo, essas botas de inverno oferecem o m\u00e1ximo de conforto com palmilhas almofadadas e isolamento respir\u00e1vel. A sola antiderrapante tamb\u00e9m proporciona confian\u00e7a em caminhos gelados!<\/p>\n<\/div><figure class=\"wp-block-media-text__media\"><img decoding=\"async\" width=\"720\" height=\"720\" src=\"https:\/\/hexibella.com\/wp-content\/uploads\/2024\/11\/Sbad44a01e08340258c07381b02bae1b63_720x_71aa2c1b-4551-40ee-bb3b-f383f33dcf00.webp\" alt=\"\" class=\"wp-image-313 size-full\" srcset=\"https:\/\/hexibella-mode.fr\/wp-content\/uploads\/2024\/11\/Sbad44a01e08340258c07381b02bae1b63_720x_71aa2c1b-4551-40ee-bb3b-f383f33dcf00.webp 720w, https:\/\/hexibella-mode.fr\/wp-content\/uploads\/2024\/11\/Sbad44a01e08340258c07381b02bae1b63_720x_71aa2c1b-4551-40ee-bb3b-f383f33dcf00-300x300.webp 300w, https:\/\/hexibella-mode.fr\/wp-content\/uploads\/2024\/11\/Sbad44a01e08340258c07381b02bae1b63_720x_71aa2c1b-4551-40ee-bb3b-f383f33dcf00-80x80.webp 80w, https:\/\/hexibella-mode.fr\/wp-content\/uploads\/2024\/11\/Sbad44a01e08340258c07381b02bae1b63_720x_71aa2c1b-4551-40ee-bb3b-f383f33dcf00-150x150.webp 150w\" sizes=\"(max-width: 720px) 100vw, 720px\" \/><\/figure><\/div>\n\n\n\n<div style=\"height:23px\" aria-hidden=\"true\" class=\"wp-block-spacer\"><\/div>\n\n\n\n<div class=\"wp-block-uagb-advanced-heading uagb-block-5c408e91\"><h2 class=\"uagb-heading-text\">Perguntas frequentes<\/h2><\/div>\n\n\n<div class=\"wp-block-uagb-faq uagb-faq__outer-wrap uagb-block-edb52445 uagb-faq-icon-row uagb-faq-layout-accordion uagb-faq-expand-first-false uagb-faq-inactive-other-true uagb-faq__wrap uagb-buttons-layout-wrap uagb-faq-equal-height\" data-faqtoggle=\"true\" role=\"tablist\"><div class=\"wp-block-uagb-faq-child uagb-faq-child__outer-wrap uagb-faq-item uagb-block-898a77c6\" role=\"tab\" tabindex=\"0\"><div class=\"uagb-faq-questions-button uagb-faq-questions\">\t\t\t<span class=\"uagb-icon uagb-faq-icon-wrap\">\n\t\t\t\t\t\t\t\t<svg xmlns=\"https:\/\/www.w3.org\/2000\/svg\" viewbox= \"0 0 448 512\"><path d=\"M432 256c0 17.69-14.33 32.01-32 32.01H256v144c0 17.69-14.33 31.99-32 31.99s-32-14.3-32-31.99v-144H48c-17.67 0-32-14.32-32-32.01s14.33-31.99 32-31.99H192v-144c0-17.69 14.33-32.01 32-32.01s32 14.32 32 32.01v144h144C417.7 224 432 238.3 432 256z\"><\/path><\/svg>\n\t\t\t\t\t\t\t<\/span>\n\t\t\t\t\t\t<span class=\"uagb-icon-active uagb-faq-icon-wrap\">\n\t\t\t\t\t\t\t\t<svg xmlns=\"https:\/\/www.w3.org\/2000\/svg\" viewbox= \"0 0 448 512\"><path d=\"M400 288h-352c-17.69 0-32-14.32-32-32.01s14.31-31.99 32-31.99h352c17.69 0 32 14.3 32 31.99S417.7 288 400 288z\"><\/path><\/svg>\n\t\t\t\t\t\t\t<\/span>\n\t\t\t<span class=\"uagb-question\">O envio \u00e9 gratuito? Quanto tempo vai demorar?<\/span><\/div><div class=\"uagb-faq-content\"><p>Nossos custos de envio est\u00e3o inclu\u00eddos no pre\u00e7o e o envio leva de 5 a 9 dias \u00fateis.<\/p><\/div><\/div><div class=\"wp-block-uagb-faq-child uagb-faq-child__outer-wrap uagb-faq-item uagb-block-6349a889\" role=\"tab\" tabindex=\"0\"><div class=\"uagb-faq-questions-button uagb-faq-questions\">\t\t\t<span class=\"uagb-icon uagb-faq-icon-wrap\">\n\t\t\t\t\t\t\t\t<svg xmlns=\"https:\/\/www.w3.org\/2000\/svg\" viewbox= \"0 0 448 512\"><path d=\"M432 256c0 17.69-14.33 32.01-32 32.01H256v144c0 17.69-14.33 31.99-32 31.99s-32-14.3-32-31.99v-144H48c-17.67 0-32-14.32-32-32.01s14.33-31.99 32-31.99H192v-144c0-17.69 14.33-32.01 32-32.01s32 14.32 32 32.01v144h144C417.7 224 432 238.3 432 256z\"><\/path><\/svg>\n\t\t\t\t\t\t\t<\/span>\n\t\t\t\t\t\t<span class=\"uagb-icon-active uagb-faq-icon-wrap\">\n\t\t\t\t\t\t\t\t<svg xmlns=\"https:\/\/www.w3.org\/2000\/svg\" viewbox= \"0 0 448 512\"><path d=\"M400 288h-352c-17.69 0-32-14.32-32-32.01s14.31-31.99 32-31.99h352c17.69 0 32 14.3 32 31.99S417.7 288 400 288z\"><\/path><\/svg>\n\t\t\t\t\t\t\t<\/span>\n\t\t\t<span class=\"uagb-question\">Voc\u00eas t\u00eam uma garantia de devolu\u00e7\u00e3o do dinheiro?<\/span><\/div><div class=\"uagb-faq-content\"><p>Sim! Oferecemos devolu\u00e7\u00f5es gratuitas por 30 dias em todos os pedidos.<\/p><\/div><\/div><div class=\"wp-block-uagb-faq-child uagb-faq-child__outer-wrap uagb-faq-item uagb-block-8e3db11c\" role=\"tab\" tabindex=\"0\"><div class=\"uagb-faq-questions-button uagb-faq-questions\">\t\t\t<span class=\"uagb-icon uagb-faq-icon-wrap\">\n\t\t\t\t\t\t\t\t<svg xmlns=\"https:\/\/www.w3.org\/2000\/svg\" viewbox= \"0 0 448 512\"><path d=\"M432 256c0 17.69-14.33 32.01-32 32.01H256v144c0 17.69-14.33 31.99-32 31.99s-32-14.3-32-31.99v-144H48c-17.67 0-32-14.32-32-32.01s14.33-31.99 32-31.99H192v-144c0-17.69 14.33-32.01 32-32.01s32 14.32 32 32.01v144h144C417.7 224 432 238.3 432 256z\"><\/path><\/svg>\n\t\t\t\t\t\t\t<\/span>\n\t\t\t\t\t\t<span class=\"uagb-icon-active uagb-faq-icon-wrap\">\n\t\t\t\t\t\t\t\t<svg xmlns=\"https:\/\/www.w3.org\/2000\/svg\" viewbox= \"0 0 448 512\"><path d=\"M400 288h-352c-17.69 0-32-14.32-32-32.01s14.31-31.99 32-31.99h352c17.69 0 32 14.3 32 31.99S417.7 288 400 288z\"><\/path><\/svg>\n\t\t\t\t\t\t\t<\/span>\n\t\t\t<span class=\"uagb-question\">Minhas informa\u00e7\u00f5es de pagamento est\u00e3o seguras?<\/span><\/div><div class=\"uagb-faq-content\"><p>Suas informa\u00e7\u00f5es de pagamento s\u00e3o totalmente criptografadas e seguras. Usamos o Stripe e o PayPal para processar transa\u00e7\u00f5es e ambos os servi\u00e7os usam t\u00e9cnicas avan\u00e7adas de criptografia para garantir a seguran\u00e7a de suas informa\u00e7\u00f5es de pagamento.<\/p><\/div><\/div><div class=\"wp-block-uagb-faq-child uagb-faq-child__outer-wrap uagb-faq-item uagb-block-11ee099b\" role=\"tab\" tabindex=\"0\"><div class=\"uagb-faq-questions-button uagb-faq-questions\">\t\t\t<span class=\"uagb-icon uagb-faq-icon-wrap\">\n\t\t\t\t\t\t\t\t<svg xmlns=\"https:\/\/www.w3.org\/2000\/svg\" viewbox= \"0 0 448 512\"><path d=\"M432 256c0 17.69-14.33 32.01-32 32.01H256v144c0 17.69-14.33 31.99-32 31.99s-32-14.3-32-31.99v-144H48c-17.67 0-32-14.32-32-32.01s14.33-31.99 32-31.99H192v-144c0-17.69 14.33-32.01 32-32.01s32 14.32 32 32.01v144h144C417.7 224 432 238.3 432 256z\"><\/path><\/svg>\n\t\t\t\t\t\t\t<\/span>\n\t\t\t\t\t\t<span class=\"uagb-icon-active uagb-faq-icon-wrap\">\n\t\t\t\t\t\t\t\t<svg xmlns=\"https:\/\/www.w3.org\/2000\/svg\" viewbox= \"0 0 448 512\"><path d=\"M400 288h-352c-17.69 0-32-14.32-32-32.01s14.31-31.99 32-31.99h352c17.69 0 32 14.3 32 31.99S417.7 288 400 288z\"><\/path><\/svg>\n\t\t\t\t\t\t\t<\/span>\n\t\t\t<span class=\"uagb-question\">Quais m\u00e9todos de pagamento posso usar?<\/span><\/div><div class=\"uagb-faq-content\"><p>Aceitamos todos os principais cart\u00f5es de cr\u00e9dito\/d\u00e9bito, bem como PayPal, Apple Pay e Google Pay. Como estamos sediados na Europa, tamb\u00e9m aceitamos Cartes Bancaires, IDeal, Bancontact, transfer\u00eancia banc\u00e1ria\/d\u00e9bito SEPA e EPS.<\/p><\/div><\/div><div class=\"wp-block-uagb-faq-child uagb-faq-child__outer-wrap uagb-faq-item uagb-block-7229b0cf\" role=\"tab\" tabindex=\"0\"><div class=\"uagb-faq-questions-button uagb-faq-questions\">\t\t\t<span class=\"uagb-icon uagb-faq-icon-wrap\">\n\t\t\t\t\t\t\t\t<svg xmlns=\"https:\/\/www.w3.org\/2000\/svg\" viewbox= \"0 0 448 512\"><path d=\"M432 256c0 17.69-14.33 32.01-32 32.01H256v144c0 17.69-14.33 31.99-32 31.99s-32-14.3-32-31.99v-144H48c-17.67 0-32-14.32-32-32.01s14.33-31.99 32-31.99H192v-144c0-17.69 14.33-32.01 32-32.01s32 14.32 32 32.01v144h144C417.7 224 432 238.3 432 256z\"><\/path><\/svg>\n\t\t\t\t\t\t\t<\/span>\n\t\t\t\t\t\t<span class=\"uagb-icon-active uagb-faq-icon-wrap\">\n\t\t\t\t\t\t\t\t<svg xmlns=\"https:\/\/www.w3.org\/2000\/svg\" viewbox= \"0 0 448 512\"><path d=\"M400 288h-352c-17.69 0-32-14.32-32-32.01s14.31-31.99 32-31.99h352c17.69 0 32 14.3 32 31.99S417.7 288 400 288z\"><\/path><\/svg>\n\t\t\t\t\t\t\t<\/span>\n\t\t\t<span class=\"uagb-question\">Posso rastrear meu pedido?<\/span><\/div><div class=\"uagb-faq-content\"><p>Sim. Assim que o pedido for enviado, enviaremos um e-mail atualizando o status do seu pedido com um n\u00famero de rastreamento.<\/p><\/div><\/div><\/div>\n\n\n<p><\/p>","protected":false},"excerpt":{"rendered":"<p>\ud83d\udd25 Nossas botas podem ser usadas de duas maneiras<br \/>\u2b50\ufe0f O pre\u00e7o inclui os custos de envio<br \/>Envio de 5 a 9 dias<br \/>Devolu\u00e7\u00f5es gratuitas por 30 dias<\/p>","protected":false},"featured_media":318,"template":"","meta":{"_acf_changed":false,"bwfblock_default_font":"","_uag_custom_page_level_css":""},"product_brand":[],"product_cat":[68],"product_tag":[],"class_list":{"0":"post-248","1":"product","2":"type-product","3":"status-publish","4":"has-post-thumbnail","6":"product_cat-shoes","8":"first","9":"instock","10":"sale","11":"taxable","12":"shipping-taxable","13":"purchasable","14":"product-type-variable"},"acf":[],"uagb_featured_image_src":{"full":["https:\/\/hexibella-mode.fr\/wp-content\/uploads\/2024\/11\/6180c9a4-60bc-467f-a334-6c792b9c0619.webp",800,800,false],"thumbnail":["https:\/\/hexibella-mode.fr\/wp-content\/uploads\/2024\/11\/6180c9a4-60bc-467f-a334-6c792b9c0619-150x150.webp",150,150,true],"medium":["https:\/\/hexibella-mode.fr\/wp-content\/uploads\/2024\/11\/6180c9a4-60bc-467f-a334-6c792b9c0619-300x300.webp",300,300,true],"medium_large":["https:\/\/hexibella-mode.fr\/wp-content\/uploads\/2024\/11\/6180c9a4-60bc-467f-a334-6c792b9c0619-768x768.webp",768,768,true],"large":["https:\/\/hexibella-mode.fr\/wp-content\/uploads\/2024\/11\/6180c9a4-60bc-467f-a334-6c792b9c0619.webp",800,800,false],"1536x1536":["https:\/\/hexibella-mode.fr\/wp-content\/uploads\/2024\/11\/6180c9a4-60bc-467f-a334-6c792b9c0619.webp",800,800,false],"2048x2048":["https:\/\/hexibella-mode.fr\/wp-content\/uploads\/2024\/11\/6180c9a4-60bc-467f-a334-6c792b9c0619.webp",800,800,false],"trp-custom-language-flag":["https:\/\/hexibella-mode.fr\/wp-content\/uploads\/2024\/11\/6180c9a4-60bc-467f-a334-6c792b9c0619.webp",12,12,false],"woocommerce_archive_thumbnail":["https:\/\/hexibella-mode.fr\/wp-content\/uploads\/2024\/11\/6180c9a4-60bc-467f-a334-6c792b9c0619-300x300.webp",300,300,true],"woocommerce_thumbnail":["https:\/\/hexibella-mode.fr\/wp-content\/uploads\/2024\/11\/6180c9a4-60bc-467f-a334-6c792b9c0619-300x300.webp",300,300,true],"woocommerce_single":["https:\/\/hexibella-mode.fr\/wp-content\/uploads\/2024\/11\/6180c9a4-60bc-467f-a334-6c792b9c0619.webp",800,800,false],"woocommerce_gallery_thumbnail":["https:\/\/hexibella-mode.fr\/wp-content\/uploads\/2024\/11\/6180c9a4-60bc-467f-a334-6c792b9c0619-80x80.webp",80,80,true]},"uagb_author_info":{"display_name":"admin","author_link":"https:\/\/hexibella-mode.fr\/pt\/author\/"},"uagb_comment_info":0,"uagb_excerpt":"\ud83d\udd25 Our Boots Can Be Worn Two Ways\u2b50\ufe0f Price Includes Shipping Costs\ud83d\ude9a 5-9 Day Shipping\ud83d\udd04 Free Returns For 30 Days","_links":{"self":[{"href":"https:\/\/hexibella-mode.fr\/pt\/wp-json\/wp\/v2\/product\/248","targetHints":{"allow":["GET"]}}],"collection":[{"href":"https:\/\/hexibella-mode.fr\/pt\/wp-json\/wp\/v2\/product"}],"about":[{"href":"https:\/\/hexibella-mode.fr\/pt\/wp-json\/wp\/v2\/types\/product"}],"wp:featuredmedia":[{"embeddable":true,"href":"https:\/\/hexibella-mode.fr\/pt\/wp-json\/wp\/v2\/media\/318"}],"wp:attachment":[{"href":"https:\/\/hexibella-mode.fr\/pt\/wp-json\/wp\/v2\/media?parent=248"}],"wp:term":[{"taxonomy":"product_brand","embeddable":true,"href":"https:\/\/hexibella-mode.fr\/pt\/wp-json\/wp\/v2\/product_brand?post=248"},{"taxonomy":"product_cat","embeddable":true,"href":"https:\/\/hexibella-mode.fr\/pt\/wp-json\/wp\/v2\/product_cat?post=248"},{"taxonomy":"product_tag","embeddable":true,"href":"https:\/\/hexibella-mode.fr\/pt\/wp-json\/wp\/v2\/product_tag?post=248"}],"curies":[{"name":"wp","href":"https:\/\/api.w.org\/{rel}","templated":true}]}}