{"id":248,"date":"2024-11-09T13:02:00","date_gmt":"2024-11-09T20:02:00","guid":{"rendered":"https:\/\/hexibella.com\/product\/hexibella-winter-shoes\/"},"modified":"2025-01-25T15:35:34","modified_gmt":"2025-01-25T22:35:34","slug":"buty-zimowe-hexibella","status":"publish","type":"product","link":"https:\/\/hexibella-mode.fr\/pl\/product\/buty-zimowe-hexibella\/","title":{"rendered":"Buty zimowe Hexibella"},"content":{"rendered":"<div class=\"wp-block-uagb-testimonial uagb-slick-carousel uagb-tm__arrow-outside uagb-block-2a04bfe9\"><div class=\"is-carousel uagb-tm__columns-1 uagb-tm__items\"><div class=\"uagb-testimonial__wrap  uagb-tm__imgicon-style-circle uagb-tm__image-position-bottom uagb-tm__bg-type-none\"><div class=\"uagb-tm__content\"><div class=\"uagb-tm__overlay\"><\/div><div class=\"uagb-tm__text-wrap\"><div class=\"uagb-tm__desc\">S\u0105 przytulne, ale nie s\u0105 niepor\u0119czne i \u015bwietnie wygl\u0105daj\u0105 z moimi zimowymi strojami. Wsp\u00f3\u0142pracownicy albo mnie komplementuj\u0105, albo pytaj\u0105, sk\u0105d je mam.<\/div><div class=\"uagb-tm__meta-inner\"><div class=\"uagb-testimonial-details\"><span class=\"uagb-tm__author-name\">Aoife Gallagher<\/span><span class=\"uagb-tm__company\">Irlandia, \u2b50\u2b50\u2b50\u2b50\u2b50<\/span><\/div><\/div><\/div><\/div><\/div><div class=\"uagb-testimonial__wrap  uagb-tm__imgicon-style-circle uagb-tm__image-position-bottom uagb-tm__bg-type-none\"><div class=\"uagb-tm__content\"><div class=\"uagb-tm__overlay\"><\/div><div class=\"uagb-tm__text-wrap\"><div class=\"uagb-tm__desc\">Te buty s\u0105 dok\u0142adnie tym, czego potrzebowa\u0142em. S\u0105 wystarczaj\u0105co wygodne na d\u0142ugie spacery i naprawd\u0119 chroni\u0105 przed zimnem. Mi\u0142o jest mie\u0107 buty, kt\u00f3re s\u0105 jednocze\u015bnie ciep\u0142e i eleganckie.<\/div><div class=\"uagb-tm__meta-inner\"><div class=\"uagb-testimonial-details\"><span class=\"uagb-tm__author-name\">Isabella Poilievre<\/span><span class=\"uagb-tm__company\">Francja, \u2b50\u2b50\u2b50\u2b50\u2b50<\/span><\/div><\/div><\/div><\/div><\/div><div class=\"uagb-testimonial__wrap  uagb-tm__imgicon-style-circle uagb-tm__image-position-bottom uagb-tm__bg-type-none\"><div class=\"uagb-tm__content\"><div class=\"uagb-tm__overlay\"><\/div><div class=\"uagb-tm__text-wrap\"><div class=\"uagb-tm__desc\">Te buty ratuj\u0105 mi \u017cycie zim\u0105! Zawsze utrzymuj\u0105 moje stopy w cieple i sucho\u015bci, nawet je\u015bli mocno pada \u015bnieg, a jako\u015b\u0107 jest fantastyczna<\/div><div class=\"uagb-tm__meta-inner\"><div class=\"uagb-testimonial-details\"><span class=\"uagb-tm__author-name\">Lina Schmidt<\/span><span class=\"uagb-tm__company\">Niemcy, \u2b50\u2b50\u2b50\u2b50\u2b50<\/span><\/div><\/div><\/div><\/div><\/div><\/div><\/div>\n\n\n\n<div style=\"height:64px\" aria-hidden=\"true\" class=\"wp-block-spacer\"><\/div>\n\n\n\n<div class=\"wp-block-media-text has-media-on-the-right is-stacked-on-mobile\"><div class=\"wp-block-media-text__content\">\n<p>Nasze buty \u0142\u0105cz\u0105 styl z przytuln\u0105 funkcjonalno\u015bci\u0105, wykonane z wytrzyma\u0142ych materia\u0142\u00f3w, aby zapewni\u0107 stopom sucho\u015b\u0107 podczas opad\u00f3w \u015bniegu lub deszczu. Dzi\u0119ki pluszowej, ocieplanej podszewce i solidnej podeszwie s\u0105 idealne zar\u00f3wno na miejskie ulice, jak i na trudne zimowe szlaki.<\/p>\n<\/div><figure class=\"wp-block-media-text__media\"><img decoding=\"async\" width=\"478\" height=\"478\" src=\"https:\/\/hexibella.com\/wp-content\/uploads\/2024\/11\/e977167d-85bb-42ca-8fe8-85e32df3233f-3.jpg\" alt=\"\" class=\"wp-image-265 size-full\" srcset=\"https:\/\/hexibella-mode.fr\/wp-content\/uploads\/2024\/11\/e977167d-85bb-42ca-8fe8-85e32df3233f-3.jpg 478w, https:\/\/hexibella-mode.fr\/wp-content\/uploads\/2024\/11\/e977167d-85bb-42ca-8fe8-85e32df3233f-3-300x300.jpg 300w, https:\/\/hexibella-mode.fr\/wp-content\/uploads\/2024\/11\/e977167d-85bb-42ca-8fe8-85e32df3233f-3-80x80.jpg 80w, https:\/\/hexibella-mode.fr\/wp-content\/uploads\/2024\/11\/e977167d-85bb-42ca-8fe8-85e32df3233f-3-150x150.jpg 150w\" sizes=\"(max-width: 478px) 100vw, 478px\" \/><\/figure><\/div>\n\n\n\n<div class=\"wp-block-media-text is-stacked-on-mobile\" style=\"padding-top:var(--wp--preset--spacing--30);padding-bottom:var(--wp--preset--spacing--30)\"><figure class=\"wp-block-media-text__media\"><img decoding=\"async\" width=\"800\" height=\"800\" src=\"https:\/\/hexibella.com\/wp-content\/uploads\/2024\/11\/6180c9a4-60bc-467f-a334-6c792b9c0619.webp\" alt=\"\" class=\"wp-image-318 size-full\" srcset=\"https:\/\/hexibella-mode.fr\/wp-content\/uploads\/2024\/11\/6180c9a4-60bc-467f-a334-6c792b9c0619.webp 800w, https:\/\/hexibella-mode.fr\/wp-content\/uploads\/2024\/11\/6180c9a4-60bc-467f-a334-6c792b9c0619-300x300.webp 300w, https:\/\/hexibella-mode.fr\/wp-content\/uploads\/2024\/11\/6180c9a4-60bc-467f-a334-6c792b9c0619-80x80.webp 80w, https:\/\/hexibella-mode.fr\/wp-content\/uploads\/2024\/11\/6180c9a4-60bc-467f-a334-6c792b9c0619-150x150.webp 150w, https:\/\/hexibella-mode.fr\/wp-content\/uploads\/2024\/11\/6180c9a4-60bc-467f-a334-6c792b9c0619-768x768.webp 768w\" sizes=\"(max-width: 800px) 100vw, 800px\" \/><\/figure><div class=\"wp-block-media-text__content\">\n<p>Buty Hexibella mo\u017cna nosi\u0107 na dwa sposoby! Po pierwsze, jako sk\u0142adany but, kt\u00f3ry kontrastuje zewn\u0119trzn\u0105 warstw\u0119 z be\u017cow\u0105 pluszow\u0105 izolacj\u0105. Mo\u017cna je r\u00f3wnie\u017c nosi\u0107 jako buty na ca\u0142ej d\u0142ugo\u015bci, co pozwala na zmian\u0119 stylu buta w zale\u017cno\u015bci od stroju!<\/p>\n<\/div><\/div>\n\n\n\n<div class=\"wp-block-media-text has-media-on-the-right is-stacked-on-mobile\"><div class=\"wp-block-media-text__content\">\n<p>Stworzone do ca\u0142odziennego noszenia, te buty zimowe oferuj\u0105 maksymalny komfort dzi\u0119ki amortyzowanym wk\u0142adkom i oddychaj\u0105cej izolacji. Antypo\u015blizgowa podeszwa zewn\u0119trzna zapewnia pewno\u015b\u0107 tak\u017ce na oblodzonych \u015bcie\u017ckach!<\/p>\n<\/div><figure class=\"wp-block-media-text__media\"><img decoding=\"async\" width=\"720\" height=\"720\" src=\"https:\/\/hexibella.com\/wp-content\/uploads\/2024\/11\/Sbad44a01e08340258c07381b02bae1b63_720x_71aa2c1b-4551-40ee-bb3b-f383f33dcf00.webp\" alt=\"\" class=\"wp-image-313 size-full\" srcset=\"https:\/\/hexibella-mode.fr\/wp-content\/uploads\/2024\/11\/Sbad44a01e08340258c07381b02bae1b63_720x_71aa2c1b-4551-40ee-bb3b-f383f33dcf00.webp 720w, https:\/\/hexibella-mode.fr\/wp-content\/uploads\/2024\/11\/Sbad44a01e08340258c07381b02bae1b63_720x_71aa2c1b-4551-40ee-bb3b-f383f33dcf00-300x300.webp 300w, https:\/\/hexibella-mode.fr\/wp-content\/uploads\/2024\/11\/Sbad44a01e08340258c07381b02bae1b63_720x_71aa2c1b-4551-40ee-bb3b-f383f33dcf00-80x80.webp 80w, https:\/\/hexibella-mode.fr\/wp-content\/uploads\/2024\/11\/Sbad44a01e08340258c07381b02bae1b63_720x_71aa2c1b-4551-40ee-bb3b-f383f33dcf00-150x150.webp 150w\" sizes=\"(max-width: 720px) 100vw, 720px\" \/><\/figure><\/div>\n\n\n\n<div style=\"height:23px\" aria-hidden=\"true\" class=\"wp-block-spacer\"><\/div>\n\n\n\n<div class=\"wp-block-uagb-advanced-heading uagb-block-5c408e91\"><h2 class=\"uagb-heading-text\">Cz\u0119sto zadawane pytania<\/h2><\/div>\n\n\n<div class=\"wp-block-uagb-faq uagb-faq__outer-wrap uagb-block-edb52445 uagb-faq-icon-row uagb-faq-layout-accordion uagb-faq-expand-first-false uagb-faq-inactive-other-true uagb-faq__wrap uagb-buttons-layout-wrap uagb-faq-equal-height\" data-faqtoggle=\"true\" role=\"tablist\"><div class=\"wp-block-uagb-faq-child uagb-faq-child__outer-wrap uagb-faq-item uagb-block-898a77c6\" role=\"tab\" tabindex=\"0\"><div class=\"uagb-faq-questions-button uagb-faq-questions\">\t\t\t<span class=\"uagb-icon uagb-faq-icon-wrap\">\n\t\t\t\t\t\t\t\t<svg xmlns=\"https:\/\/www.w3.org\/2000\/svg\" viewbox= \"0 0 448 512\"><path d=\"M432 256c0 17.69-14.33 32.01-32 32.01H256v144c0 17.69-14.33 31.99-32 31.99s-32-14.3-32-31.99v-144H48c-17.67 0-32-14.32-32-32.01s14.33-31.99 32-31.99H192v-144c0-17.69 14.33-32.01 32-32.01s32 14.32 32 32.01v144h144C417.7 224 432 238.3 432 256z\"><\/path><\/svg>\n\t\t\t\t\t\t\t<\/span>\n\t\t\t\t\t\t<span class=\"uagb-icon-active uagb-faq-icon-wrap\">\n\t\t\t\t\t\t\t\t<svg xmlns=\"https:\/\/www.w3.org\/2000\/svg\" viewbox= \"0 0 448 512\"><path d=\"M400 288h-352c-17.69 0-32-14.32-32-32.01s14.31-31.99 32-31.99h352c17.69 0 32 14.3 32 31.99S417.7 288 400 288z\"><\/path><\/svg>\n\t\t\t\t\t\t\t<\/span>\n\t\t\t<span class=\"uagb-question\">Czy wysy\u0142ka jest bezp\u0142atna? Jak d\u0142ugo to potrwa?<\/span><\/div><div class=\"uagb-faq-content\"><p>Nasze koszty wysy\u0142ki s\u0105 wliczone w cen\u0119, a wysy\u0142ka trwa 5-9 dni roboczych.<\/p><\/div><\/div><div class=\"wp-block-uagb-faq-child uagb-faq-child__outer-wrap uagb-faq-item uagb-block-6349a889\" role=\"tab\" tabindex=\"0\"><div class=\"uagb-faq-questions-button uagb-faq-questions\">\t\t\t<span class=\"uagb-icon uagb-faq-icon-wrap\">\n\t\t\t\t\t\t\t\t<svg xmlns=\"https:\/\/www.w3.org\/2000\/svg\" viewbox= \"0 0 448 512\"><path d=\"M432 256c0 17.69-14.33 32.01-32 32.01H256v144c0 17.69-14.33 31.99-32 31.99s-32-14.3-32-31.99v-144H48c-17.67 0-32-14.32-32-32.01s14.33-31.99 32-31.99H192v-144c0-17.69 14.33-32.01 32-32.01s32 14.32 32 32.01v144h144C417.7 224 432 238.3 432 256z\"><\/path><\/svg>\n\t\t\t\t\t\t\t<\/span>\n\t\t\t\t\t\t<span class=\"uagb-icon-active uagb-faq-icon-wrap\">\n\t\t\t\t\t\t\t\t<svg xmlns=\"https:\/\/www.w3.org\/2000\/svg\" viewbox= \"0 0 448 512\"><path d=\"M400 288h-352c-17.69 0-32-14.32-32-32.01s14.31-31.99 32-31.99h352c17.69 0 32 14.3 32 31.99S417.7 288 400 288z\"><\/path><\/svg>\n\t\t\t\t\t\t\t<\/span>\n\t\t\t<span class=\"uagb-question\">Czy masz gwarancj\u0119 zwrotu pieni\u0119dzy?<\/span><\/div><div class=\"uagb-faq-content\"><p>Tak! Oferujemy bezp\u0142atne zwroty przez 30 dni dla wszystkich zam\u00f3wie\u0144.<\/p><\/div><\/div><div class=\"wp-block-uagb-faq-child uagb-faq-child__outer-wrap uagb-faq-item uagb-block-8e3db11c\" role=\"tab\" tabindex=\"0\"><div class=\"uagb-faq-questions-button uagb-faq-questions\">\t\t\t<span class=\"uagb-icon uagb-faq-icon-wrap\">\n\t\t\t\t\t\t\t\t<svg xmlns=\"https:\/\/www.w3.org\/2000\/svg\" viewbox= \"0 0 448 512\"><path d=\"M432 256c0 17.69-14.33 32.01-32 32.01H256v144c0 17.69-14.33 31.99-32 31.99s-32-14.3-32-31.99v-144H48c-17.67 0-32-14.32-32-32.01s14.33-31.99 32-31.99H192v-144c0-17.69 14.33-32.01 32-32.01s32 14.32 32 32.01v144h144C417.7 224 432 238.3 432 256z\"><\/path><\/svg>\n\t\t\t\t\t\t\t<\/span>\n\t\t\t\t\t\t<span class=\"uagb-icon-active uagb-faq-icon-wrap\">\n\t\t\t\t\t\t\t\t<svg xmlns=\"https:\/\/www.w3.org\/2000\/svg\" viewbox= \"0 0 448 512\"><path d=\"M400 288h-352c-17.69 0-32-14.32-32-32.01s14.31-31.99 32-31.99h352c17.69 0 32 14.3 32 31.99S417.7 288 400 288z\"><\/path><\/svg>\n\t\t\t\t\t\t\t<\/span>\n\t\t\t<span class=\"uagb-question\">Czy moje dane dotycz\u0105ce p\u0142atno\u015bci s\u0105 bezpieczne?<\/span><\/div><div class=\"uagb-faq-content\"><p>Informacje o p\u0142atno\u015bciach s\u0105 w pe\u0142ni zaszyfrowane i bezpieczne. U\u017cywamy Stripe i PayPal do przetwarzania transakcji, a obie us\u0142ugi wykorzystuj\u0105 zaawansowane techniki szyfrowania, aby zapewni\u0107 bezpiecze\u0144stwo informacji o p\u0142atno\u015bciach.<\/p><\/div><\/div><div class=\"wp-block-uagb-faq-child uagb-faq-child__outer-wrap uagb-faq-item uagb-block-11ee099b\" role=\"tab\" tabindex=\"0\"><div class=\"uagb-faq-questions-button uagb-faq-questions\">\t\t\t<span class=\"uagb-icon uagb-faq-icon-wrap\">\n\t\t\t\t\t\t\t\t<svg xmlns=\"https:\/\/www.w3.org\/2000\/svg\" viewbox= \"0 0 448 512\"><path d=\"M432 256c0 17.69-14.33 32.01-32 32.01H256v144c0 17.69-14.33 31.99-32 31.99s-32-14.3-32-31.99v-144H48c-17.67 0-32-14.32-32-32.01s14.33-31.99 32-31.99H192v-144c0-17.69 14.33-32.01 32-32.01s32 14.32 32 32.01v144h144C417.7 224 432 238.3 432 256z\"><\/path><\/svg>\n\t\t\t\t\t\t\t<\/span>\n\t\t\t\t\t\t<span class=\"uagb-icon-active uagb-faq-icon-wrap\">\n\t\t\t\t\t\t\t\t<svg xmlns=\"https:\/\/www.w3.org\/2000\/svg\" viewbox= \"0 0 448 512\"><path d=\"M400 288h-352c-17.69 0-32-14.32-32-32.01s14.31-31.99 32-31.99h352c17.69 0 32 14.3 32 31.99S417.7 288 400 288z\"><\/path><\/svg>\n\t\t\t\t\t\t\t<\/span>\n\t\t\t<span class=\"uagb-question\">Z jakich metod p\u0142atno\u015bci mog\u0119 skorzysta\u0107?<\/span><\/div><div class=\"uagb-faq-content\"><p>Akceptujemy wszystkie g\u0142\u00f3wne karty kredytowe\/debetowe, a tak\u017ce PayPal, Apple Pay i Google Pay. Poniewa\u017c mamy siedzib\u0119 w Europie, akceptujemy r\u00f3wnie\u017c Cartes Bancaires, IDeal, Bancontact, przelew bankowy \/ debet SEPA, EPS.<\/p><\/div><\/div><div class=\"wp-block-uagb-faq-child uagb-faq-child__outer-wrap uagb-faq-item uagb-block-7229b0cf\" role=\"tab\" tabindex=\"0\"><div class=\"uagb-faq-questions-button uagb-faq-questions\">\t\t\t<span class=\"uagb-icon uagb-faq-icon-wrap\">\n\t\t\t\t\t\t\t\t<svg xmlns=\"https:\/\/www.w3.org\/2000\/svg\" viewbox= \"0 0 448 512\"><path d=\"M432 256c0 17.69-14.33 32.01-32 32.01H256v144c0 17.69-14.33 31.99-32 31.99s-32-14.3-32-31.99v-144H48c-17.67 0-32-14.32-32-32.01s14.33-31.99 32-31.99H192v-144c0-17.69 14.33-32.01 32-32.01s32 14.32 32 32.01v144h144C417.7 224 432 238.3 432 256z\"><\/path><\/svg>\n\t\t\t\t\t\t\t<\/span>\n\t\t\t\t\t\t<span class=\"uagb-icon-active uagb-faq-icon-wrap\">\n\t\t\t\t\t\t\t\t<svg xmlns=\"https:\/\/www.w3.org\/2000\/svg\" viewbox= \"0 0 448 512\"><path d=\"M400 288h-352c-17.69 0-32-14.32-32-32.01s14.31-31.99 32-31.99h352c17.69 0 32 14.3 32 31.99S417.7 288 400 288z\"><\/path><\/svg>\n\t\t\t\t\t\t\t<\/span>\n\t\t\t<span class=\"uagb-question\">Czy mog\u0119 \u015bledzi\u0107 moje zam\u00f3wienie?<\/span><\/div><div class=\"uagb-faq-content\"><p>Tak. Po wys\u0142aniu zam\u00f3wienia wy\u015blemy wiadomo\u015b\u0107 e-mail z aktualizacj\u0105 statusu zam\u00f3wienia i numerem \u015bledzenia.<\/p><\/div><\/div><\/div>\n\n\n<p><\/p>","protected":false},"excerpt":{"rendered":"<p>Nasze buty mo\u017cna nosi\u0107 na dwa sposoby<br \/>\u2b50\ufe0f Cena zawiera koszty wysy\u0142ki<br \/>Wysy\u0142ka w ci\u0105gu 5-9 dni<br \/>Bezp\u0142atne zwroty przez 30 dni<\/p>","protected":false},"featured_media":318,"template":"","meta":{"_acf_changed":false,"bwfblock_default_font":"","_uag_custom_page_level_css":""},"product_brand":[],"product_cat":[68],"product_tag":[],"class_list":{"0":"post-248","1":"product","2":"type-product","3":"status-publish","4":"has-post-thumbnail","6":"product_cat-shoes","8":"first","9":"instock","10":"sale","11":"taxable","12":"shipping-taxable","13":"purchasable","14":"product-type-variable"},"acf":[],"uagb_featured_image_src":{"full":["https:\/\/hexibella-mode.fr\/wp-content\/uploads\/2024\/11\/6180c9a4-60bc-467f-a334-6c792b9c0619.webp",800,800,false],"thumbnail":["https:\/\/hexibella-mode.fr\/wp-content\/uploads\/2024\/11\/6180c9a4-60bc-467f-a334-6c792b9c0619-150x150.webp",150,150,true],"medium":["https:\/\/hexibella-mode.fr\/wp-content\/uploads\/2024\/11\/6180c9a4-60bc-467f-a334-6c792b9c0619-300x300.webp",300,300,true],"medium_large":["https:\/\/hexibella-mode.fr\/wp-content\/uploads\/2024\/11\/6180c9a4-60bc-467f-a334-6c792b9c0619-768x768.webp",768,768,true],"large":["https:\/\/hexibella-mode.fr\/wp-content\/uploads\/2024\/11\/6180c9a4-60bc-467f-a334-6c792b9c0619.webp",800,800,false],"1536x1536":["https:\/\/hexibella-mode.fr\/wp-content\/uploads\/2024\/11\/6180c9a4-60bc-467f-a334-6c792b9c0619.webp",800,800,false],"2048x2048":["https:\/\/hexibella-mode.fr\/wp-content\/uploads\/2024\/11\/6180c9a4-60bc-467f-a334-6c792b9c0619.webp",800,800,false],"trp-custom-language-flag":["https:\/\/hexibella-mode.fr\/wp-content\/uploads\/2024\/11\/6180c9a4-60bc-467f-a334-6c792b9c0619.webp",12,12,false],"woocommerce_archive_thumbnail":["https:\/\/hexibella-mode.fr\/wp-content\/uploads\/2024\/11\/6180c9a4-60bc-467f-a334-6c792b9c0619-300x300.webp",300,300,true],"woocommerce_thumbnail":["https:\/\/hexibella-mode.fr\/wp-content\/uploads\/2024\/11\/6180c9a4-60bc-467f-a334-6c792b9c0619-300x300.webp",300,300,true],"woocommerce_single":["https:\/\/hexibella-mode.fr\/wp-content\/uploads\/2024\/11\/6180c9a4-60bc-467f-a334-6c792b9c0619.webp",800,800,false],"woocommerce_gallery_thumbnail":["https:\/\/hexibella-mode.fr\/wp-content\/uploads\/2024\/11\/6180c9a4-60bc-467f-a334-6c792b9c0619-80x80.webp",80,80,true]},"uagb_author_info":{"display_name":"admin","author_link":"https:\/\/hexibella-mode.fr\/pl\/author\/"},"uagb_comment_info":0,"uagb_excerpt":"\ud83d\udd25 Our Boots Can Be Worn Two Ways\u2b50\ufe0f Price Includes Shipping Costs\ud83d\ude9a 5-9 Day Shipping\ud83d\udd04 Free Returns For 30 Days","_links":{"self":[{"href":"https:\/\/hexibella-mode.fr\/pl\/wp-json\/wp\/v2\/product\/248","targetHints":{"allow":["GET"]}}],"collection":[{"href":"https:\/\/hexibella-mode.fr\/pl\/wp-json\/wp\/v2\/product"}],"about":[{"href":"https:\/\/hexibella-mode.fr\/pl\/wp-json\/wp\/v2\/types\/product"}],"wp:featuredmedia":[{"embeddable":true,"href":"https:\/\/hexibella-mode.fr\/pl\/wp-json\/wp\/v2\/media\/318"}],"wp:attachment":[{"href":"https:\/\/hexibella-mode.fr\/pl\/wp-json\/wp\/v2\/media?parent=248"}],"wp:term":[{"taxonomy":"product_brand","embeddable":true,"href":"https:\/\/hexibella-mode.fr\/pl\/wp-json\/wp\/v2\/product_brand?post=248"},{"taxonomy":"product_cat","embeddable":true,"href":"https:\/\/hexibella-mode.fr\/pl\/wp-json\/wp\/v2\/product_cat?post=248"},{"taxonomy":"product_tag","embeddable":true,"href":"https:\/\/hexibella-mode.fr\/pl\/wp-json\/wp\/v2\/product_tag?post=248"}],"curies":[{"name":"wp","href":"https:\/\/api.w.org\/{rel}","templated":true}]}}