{"id":248,"date":"2024-11-09T13:02:00","date_gmt":"2024-11-09T20:02:00","guid":{"rendered":"https:\/\/hexibella.com\/product\/hexibella-winter-shoes\/"},"modified":"2025-01-25T15:35:34","modified_gmt":"2025-01-25T22:35:34","slug":"bottes-dhiver-hexibella-2","status":"publish","type":"product","link":"https:\/\/hexibella-mode.fr\/fr\/produit\/bottes-dhiver-hexibella-2\/","title":{"rendered":"Bottes d'hiver Hexibella"},"content":{"rendered":"<div class=\"wp-block-uagb-testimonial uagb-slick-carousel uagb-tm__arrow-outside uagb-block-2a04bfe9\"><div class=\"is-carousel uagb-tm__columns-1 uagb-tm__items\"><div class=\"uagb-testimonial__wrap  uagb-tm__imgicon-style-circle uagb-tm__image-position-bottom uagb-tm__bg-type-none\"><div class=\"uagb-tm__content\"><div class=\"uagb-tm__overlay\"><\/div><div class=\"uagb-tm__text-wrap\"><div class=\"uagb-tm__desc\">Elles sont douillettes sans \u00eatre encombrantes et s'accordent parfaitement avec mes tenues d'hiver. Les coll\u00e8gues de travail me font des compliments ou me demandent o\u00f9 je les ai eus.<\/div><div class=\"uagb-tm__meta-inner\"><div class=\"uagb-testimonial-details\"><span class=\"uagb-tm__author-name\">Aoife Gallagher<\/span><span class=\"uagb-tm__company\">Irlande, \u2b50\u2b50\u2b50\u2b50\u2b50<\/span><\/div><\/div><\/div><\/div><\/div><div class=\"uagb-testimonial__wrap  uagb-tm__imgicon-style-circle uagb-tm__image-position-bottom uagb-tm__bg-type-none\"><div class=\"uagb-tm__content\"><div class=\"uagb-tm__overlay\"><\/div><div class=\"uagb-tm__text-wrap\"><div class=\"uagb-tm__desc\">Ces bottes sont exactement ce dont j'avais besoin. Elles sont suffisamment confortables pour de longues promenades et prot\u00e8gent vraiment du froid. C'est agr\u00e9able d'avoir des bottes qui sont \u00e0 la fois chaudes et \u00e9l\u00e9gantes.<\/div><div class=\"uagb-tm__meta-inner\"><div class=\"uagb-testimonial-details\"><span class=\"uagb-tm__author-name\">Isabella Poilievre<\/span><span class=\"uagb-tm__company\">France, \u2b50\u2b50\u2b50\u2b50\u2b50<\/span><\/div><\/div><\/div><\/div><\/div><div class=\"uagb-testimonial__wrap  uagb-tm__imgicon-style-circle uagb-tm__image-position-bottom uagb-tm__bg-type-none\"><div class=\"uagb-tm__content\"><div class=\"uagb-tm__overlay\"><\/div><div class=\"uagb-tm__text-wrap\"><div class=\"uagb-tm__desc\">Ces bottes me sauvent la vie en hiver ! Elles gardent mes pieds au chaud et au sec m\u00eame s'il neige abondamment, et la qualit\u00e9 est fantastique.<\/div><div class=\"uagb-tm__meta-inner\"><div class=\"uagb-testimonial-details\"><span class=\"uagb-tm__author-name\">Lina Schmidt<\/span><span class=\"uagb-tm__company\">Allemagne, \u2b50\u2b50\u2b50\u2b50\u2b50<\/span><\/div><\/div><\/div><\/div><\/div><\/div><\/div>\n\n\n\n<div style=\"height:64px\" aria-hidden=\"true\" class=\"wp-block-spacer\"><\/div>\n\n\n\n<div class=\"wp-block-media-text has-media-on-the-right is-stacked-on-mobile\"><div class=\"wp-block-media-text__content\">\n<p>Nos bottes allient style et fonctionnalit\u00e9 douillette. Elles sont fabriqu\u00e9es \u00e0 partir de mat\u00e9riaux robustes pour garder les pieds au sec en cas de neige ou de pluie. Dot\u00e9es d'une doublure isol\u00e9e en peluche et d'une semelle robuste, elles sont parfaites pour les rues de la ville et les sentiers hivernaux accident\u00e9s.<\/p>\n<\/div><figure class=\"wp-block-media-text__media\"><img decoding=\"async\" width=\"478\" height=\"478\" src=\"https:\/\/hexibella.com\/wp-content\/uploads\/2024\/11\/e977167d-85bb-42ca-8fe8-85e32df3233f-3.jpg\" alt=\"\" class=\"wp-image-265 size-full\" srcset=\"https:\/\/hexibella-mode.fr\/wp-content\/uploads\/2024\/11\/e977167d-85bb-42ca-8fe8-85e32df3233f-3.jpg 478w, https:\/\/hexibella-mode.fr\/wp-content\/uploads\/2024\/11\/e977167d-85bb-42ca-8fe8-85e32df3233f-3-300x300.jpg 300w, https:\/\/hexibella-mode.fr\/wp-content\/uploads\/2024\/11\/e977167d-85bb-42ca-8fe8-85e32df3233f-3-80x80.jpg 80w, https:\/\/hexibella-mode.fr\/wp-content\/uploads\/2024\/11\/e977167d-85bb-42ca-8fe8-85e32df3233f-3-150x150.jpg 150w\" sizes=\"(max-width: 478px) 100vw, 478px\" \/><\/figure><\/div>\n\n\n\n<div class=\"wp-block-media-text is-stacked-on-mobile\" style=\"padding-top:var(--wp--preset--spacing--30);padding-bottom:var(--wp--preset--spacing--30)\"><figure class=\"wp-block-media-text__media\"><img decoding=\"async\" width=\"800\" height=\"800\" src=\"https:\/\/hexibella.com\/wp-content\/uploads\/2024\/11\/6180c9a4-60bc-467f-a334-6c792b9c0619.webp\" alt=\"\" class=\"wp-image-318 size-full\" srcset=\"https:\/\/hexibella-mode.fr\/wp-content\/uploads\/2024\/11\/6180c9a4-60bc-467f-a334-6c792b9c0619.webp 800w, https:\/\/hexibella-mode.fr\/wp-content\/uploads\/2024\/11\/6180c9a4-60bc-467f-a334-6c792b9c0619-300x300.webp 300w, https:\/\/hexibella-mode.fr\/wp-content\/uploads\/2024\/11\/6180c9a4-60bc-467f-a334-6c792b9c0619-80x80.webp 80w, https:\/\/hexibella-mode.fr\/wp-content\/uploads\/2024\/11\/6180c9a4-60bc-467f-a334-6c792b9c0619-150x150.webp 150w, https:\/\/hexibella-mode.fr\/wp-content\/uploads\/2024\/11\/6180c9a4-60bc-467f-a334-6c792b9c0619-768x768.webp 768w\" sizes=\"(max-width: 800px) 100vw, 800px\" \/><\/figure><div class=\"wp-block-media-text__content\">\n<p>Les bottes Hexibella peuvent \u00eatre port\u00e9es de deux fa\u00e7ons ! D'une part, comme une botte pli\u00e9e qui contraste la couche ext\u00e9rieure avec l'isolation beige en peluche. D'autre part, elle peut \u00eatre port\u00e9e comme une botte pleine longueur, ce qui vous permet de changer le style de votre botte en fonction de votre tenue !<\/p>\n<\/div><\/div>\n\n\n\n<div class=\"wp-block-media-text has-media-on-the-right is-stacked-on-mobile\"><div class=\"wp-block-media-text__content\">\n<p>Con\u00e7ues pour \u00eatre port\u00e9es toute la journ\u00e9e, ces bottes d'hiver offrent un maximum de confort gr\u00e2ce aux semelles int\u00e9rieures rembourr\u00e9es et \u00e0 l'isolation respirante. La semelle ext\u00e9rieure antid\u00e9rapante permet \u00e9galement de se sentir en confiance sur les chemins glac\u00e9s !<\/p>\n<\/div><figure class=\"wp-block-media-text__media\"><img decoding=\"async\" width=\"720\" height=\"720\" src=\"https:\/\/hexibella.com\/wp-content\/uploads\/2024\/11\/Sbad44a01e08340258c07381b02bae1b63_720x_71aa2c1b-4551-40ee-bb3b-f383f33dcf00.webp\" alt=\"\" class=\"wp-image-313 size-full\" srcset=\"https:\/\/hexibella-mode.fr\/wp-content\/uploads\/2024\/11\/Sbad44a01e08340258c07381b02bae1b63_720x_71aa2c1b-4551-40ee-bb3b-f383f33dcf00.webp 720w, https:\/\/hexibella-mode.fr\/wp-content\/uploads\/2024\/11\/Sbad44a01e08340258c07381b02bae1b63_720x_71aa2c1b-4551-40ee-bb3b-f383f33dcf00-300x300.webp 300w, https:\/\/hexibella-mode.fr\/wp-content\/uploads\/2024\/11\/Sbad44a01e08340258c07381b02bae1b63_720x_71aa2c1b-4551-40ee-bb3b-f383f33dcf00-80x80.webp 80w, https:\/\/hexibella-mode.fr\/wp-content\/uploads\/2024\/11\/Sbad44a01e08340258c07381b02bae1b63_720x_71aa2c1b-4551-40ee-bb3b-f383f33dcf00-150x150.webp 150w\" sizes=\"(max-width: 720px) 100vw, 720px\" \/><\/figure><\/div>\n\n\n\n<div style=\"height:23px\" aria-hidden=\"true\" class=\"wp-block-spacer\"><\/div>\n\n\n\n<div class=\"wp-block-uagb-advanced-heading uagb-block-5c408e91\"><h2 class=\"uagb-heading-text\">Questions fr\u00e9quemment pos\u00e9es<\/h2><\/div>\n\n\n<div class=\"wp-block-uagb-faq uagb-faq__outer-wrap uagb-block-edb52445 uagb-faq-icon-row uagb-faq-layout-accordion uagb-faq-expand-first-false uagb-faq-inactive-other-true uagb-faq__wrap uagb-buttons-layout-wrap uagb-faq-equal-height\" data-faqtoggle=\"true\" role=\"tablist\"><div class=\"wp-block-uagb-faq-child uagb-faq-child__outer-wrap uagb-faq-item uagb-block-898a77c6\" role=\"tab\" tabindex=\"0\"><div class=\"uagb-faq-questions-button uagb-faq-questions\">\t\t\t<span class=\"uagb-icon uagb-faq-icon-wrap\">\n\t\t\t\t\t\t\t\t<svg xmlns=\"https:\/\/www.w3.org\/2000\/svg\" viewbox= \"0 0 448 512\"><path d=\"M432 256c0 17.69-14.33 32.01-32 32.01H256v144c0 17.69-14.33 31.99-32 31.99s-32-14.3-32-31.99v-144H48c-17.67 0-32-14.32-32-32.01s14.33-31.99 32-31.99H192v-144c0-17.69 14.33-32.01 32-32.01s32 14.32 32 32.01v144h144C417.7 224 432 238.3 432 256z\"><\/path><\/svg>\n\t\t\t\t\t\t\t<\/span>\n\t\t\t\t\t\t<span class=\"uagb-icon-active uagb-faq-icon-wrap\">\n\t\t\t\t\t\t\t\t<svg xmlns=\"https:\/\/www.w3.org\/2000\/svg\" viewbox= \"0 0 448 512\"><path d=\"M400 288h-352c-17.69 0-32-14.32-32-32.01s14.31-31.99 32-31.99h352c17.69 0 32 14.3 32 31.99S417.7 288 400 288z\"><\/path><\/svg>\n\t\t\t\t\t\t\t<\/span>\n\t\t\t<span class=\"uagb-question\">L'exp\u00e9dition est-elle gratuite ? Combien de temps cela prend-il ?<\/span><\/div><div class=\"uagb-faq-content\"><p>Les frais d'exp\u00e9dition sont inclus dans le prix et le d\u00e9lai de livraison est de 5 \u00e0 9 jours ouvrables.<\/p><\/div><\/div><div class=\"wp-block-uagb-faq-child uagb-faq-child__outer-wrap uagb-faq-item uagb-block-6349a889\" role=\"tab\" tabindex=\"0\"><div class=\"uagb-faq-questions-button uagb-faq-questions\">\t\t\t<span class=\"uagb-icon uagb-faq-icon-wrap\">\n\t\t\t\t\t\t\t\t<svg xmlns=\"https:\/\/www.w3.org\/2000\/svg\" viewbox= \"0 0 448 512\"><path d=\"M432 256c0 17.69-14.33 32.01-32 32.01H256v144c0 17.69-14.33 31.99-32 31.99s-32-14.3-32-31.99v-144H48c-17.67 0-32-14.32-32-32.01s14.33-31.99 32-31.99H192v-144c0-17.69 14.33-32.01 32-32.01s32 14.32 32 32.01v144h144C417.7 224 432 238.3 432 256z\"><\/path><\/svg>\n\t\t\t\t\t\t\t<\/span>\n\t\t\t\t\t\t<span class=\"uagb-icon-active uagb-faq-icon-wrap\">\n\t\t\t\t\t\t\t\t<svg xmlns=\"https:\/\/www.w3.org\/2000\/svg\" viewbox= \"0 0 448 512\"><path d=\"M400 288h-352c-17.69 0-32-14.32-32-32.01s14.31-31.99 32-31.99h352c17.69 0 32 14.3 32 31.99S417.7 288 400 288z\"><\/path><\/svg>\n\t\t\t\t\t\t\t<\/span>\n\t\t\t<span class=\"uagb-question\">Avez-vous une garantie de remboursement ?<\/span><\/div><div class=\"uagb-faq-content\"><p>Oui ! Nous offrons des retours gratuits pendant 30 jours sur toutes les commandes.<\/p><\/div><\/div><div class=\"wp-block-uagb-faq-child uagb-faq-child__outer-wrap uagb-faq-item uagb-block-8e3db11c\" role=\"tab\" tabindex=\"0\"><div class=\"uagb-faq-questions-button uagb-faq-questions\">\t\t\t<span class=\"uagb-icon uagb-faq-icon-wrap\">\n\t\t\t\t\t\t\t\t<svg xmlns=\"https:\/\/www.w3.org\/2000\/svg\" viewbox= \"0 0 448 512\"><path d=\"M432 256c0 17.69-14.33 32.01-32 32.01H256v144c0 17.69-14.33 31.99-32 31.99s-32-14.3-32-31.99v-144H48c-17.67 0-32-14.32-32-32.01s14.33-31.99 32-31.99H192v-144c0-17.69 14.33-32.01 32-32.01s32 14.32 32 32.01v144h144C417.7 224 432 238.3 432 256z\"><\/path><\/svg>\n\t\t\t\t\t\t\t<\/span>\n\t\t\t\t\t\t<span class=\"uagb-icon-active uagb-faq-icon-wrap\">\n\t\t\t\t\t\t\t\t<svg xmlns=\"https:\/\/www.w3.org\/2000\/svg\" viewbox= \"0 0 448 512\"><path d=\"M400 288h-352c-17.69 0-32-14.32-32-32.01s14.31-31.99 32-31.99h352c17.69 0 32 14.3 32 31.99S417.7 288 400 288z\"><\/path><\/svg>\n\t\t\t\t\t\t\t<\/span>\n\t\t\t<span class=\"uagb-question\">Mes informations de paiement sont-elles s\u00fbres ?<\/span><\/div><div class=\"uagb-faq-content\"><p>Vos informations de paiement sont enti\u00e8rement crypt\u00e9es et s\u00e9curis\u00e9es. Nous utilisons Stripe et PayPal pour traiter les transactions et ces deux services utilisent des techniques de cryptage avanc\u00e9es pour garantir la s\u00e9curit\u00e9 de vos informations de paiement.<\/p><\/div><\/div><div class=\"wp-block-uagb-faq-child uagb-faq-child__outer-wrap uagb-faq-item uagb-block-11ee099b\" role=\"tab\" tabindex=\"0\"><div class=\"uagb-faq-questions-button uagb-faq-questions\">\t\t\t<span class=\"uagb-icon uagb-faq-icon-wrap\">\n\t\t\t\t\t\t\t\t<svg xmlns=\"https:\/\/www.w3.org\/2000\/svg\" viewbox= \"0 0 448 512\"><path d=\"M432 256c0 17.69-14.33 32.01-32 32.01H256v144c0 17.69-14.33 31.99-32 31.99s-32-14.3-32-31.99v-144H48c-17.67 0-32-14.32-32-32.01s14.33-31.99 32-31.99H192v-144c0-17.69 14.33-32.01 32-32.01s32 14.32 32 32.01v144h144C417.7 224 432 238.3 432 256z\"><\/path><\/svg>\n\t\t\t\t\t\t\t<\/span>\n\t\t\t\t\t\t<span class=\"uagb-icon-active uagb-faq-icon-wrap\">\n\t\t\t\t\t\t\t\t<svg xmlns=\"https:\/\/www.w3.org\/2000\/svg\" viewbox= \"0 0 448 512\"><path d=\"M400 288h-352c-17.69 0-32-14.32-32-32.01s14.31-31.99 32-31.99h352c17.69 0 32 14.3 32 31.99S417.7 288 400 288z\"><\/path><\/svg>\n\t\t\t\t\t\t\t<\/span>\n\t\t\t<span class=\"uagb-question\">Quels modes de paiement puis-je utiliser ?<\/span><\/div><div class=\"uagb-faq-content\"><p>Nous acceptons les principales cartes de cr\u00e9dit\/d\u00e9bit ainsi que PayPal, Apple Pay et Google Pay. Comme nous sommes bas\u00e9s en Europe, nous acceptons \u00e9galement les cartes bancaires, IDeal, Bancontact, les virements\/d\u00e9bits SEPA, EPS.<\/p><\/div><\/div><div class=\"wp-block-uagb-faq-child uagb-faq-child__outer-wrap uagb-faq-item uagb-block-7229b0cf\" role=\"tab\" tabindex=\"0\"><div class=\"uagb-faq-questions-button uagb-faq-questions\">\t\t\t<span class=\"uagb-icon uagb-faq-icon-wrap\">\n\t\t\t\t\t\t\t\t<svg xmlns=\"https:\/\/www.w3.org\/2000\/svg\" viewbox= \"0 0 448 512\"><path d=\"M432 256c0 17.69-14.33 32.01-32 32.01H256v144c0 17.69-14.33 31.99-32 31.99s-32-14.3-32-31.99v-144H48c-17.67 0-32-14.32-32-32.01s14.33-31.99 32-31.99H192v-144c0-17.69 14.33-32.01 32-32.01s32 14.32 32 32.01v144h144C417.7 224 432 238.3 432 256z\"><\/path><\/svg>\n\t\t\t\t\t\t\t<\/span>\n\t\t\t\t\t\t<span class=\"uagb-icon-active uagb-faq-icon-wrap\">\n\t\t\t\t\t\t\t\t<svg xmlns=\"https:\/\/www.w3.org\/2000\/svg\" viewbox= \"0 0 448 512\"><path d=\"M400 288h-352c-17.69 0-32-14.32-32-32.01s14.31-31.99 32-31.99h352c17.69 0 32 14.3 32 31.99S417.7 288 400 288z\"><\/path><\/svg>\n\t\t\t\t\t\t\t<\/span>\n\t\t\t<span class=\"uagb-question\">Puis-je suivre ma commande ?<\/span><\/div><div class=\"uagb-faq-content\"><p>Oui. Une fois la commande exp\u00e9di\u00e9e, nous vous enverrons un courrier \u00e9lectronique vous informant de l'\u00e9tat de votre commande et contenant un num\u00e9ro de suivi.<\/p><\/div><\/div><\/div>\n\n\n<p><\/p>","protected":false},"excerpt":{"rendered":"<p>\ud83d\udd25 Nos bottes peuvent \u00eatre port\u00e9es de deux fa\u00e7ons<br \/>\u2b50\ufe0f Le prix comprend les frais d'exp\u00e9dition<br \/>\ud83d\ude9a 5-9 Day Shipping<br \/>Retour gratuit pendant 30 jours<\/p>","protected":false},"featured_media":318,"template":"","meta":{"_acf_changed":false,"bwfblock_default_font":"","_uag_custom_page_level_css":""},"product_brand":[],"product_cat":[68],"product_tag":[],"class_list":{"0":"post-248","1":"product","2":"type-product","3":"status-publish","4":"has-post-thumbnail","6":"product_cat-shoes","8":"first","9":"instock","10":"sale","11":"taxable","12":"shipping-taxable","13":"purchasable","14":"product-type-variable"},"acf":[],"uagb_featured_image_src":{"full":["https:\/\/hexibella-mode.fr\/wp-content\/uploads\/2024\/11\/6180c9a4-60bc-467f-a334-6c792b9c0619.webp",800,800,false],"thumbnail":["https:\/\/hexibella-mode.fr\/wp-content\/uploads\/2024\/11\/6180c9a4-60bc-467f-a334-6c792b9c0619-150x150.webp",150,150,true],"medium":["https:\/\/hexibella-mode.fr\/wp-content\/uploads\/2024\/11\/6180c9a4-60bc-467f-a334-6c792b9c0619-300x300.webp",300,300,true],"medium_large":["https:\/\/hexibella-mode.fr\/wp-content\/uploads\/2024\/11\/6180c9a4-60bc-467f-a334-6c792b9c0619-768x768.webp",768,768,true],"large":["https:\/\/hexibella-mode.fr\/wp-content\/uploads\/2024\/11\/6180c9a4-60bc-467f-a334-6c792b9c0619.webp",800,800,false],"1536x1536":["https:\/\/hexibella-mode.fr\/wp-content\/uploads\/2024\/11\/6180c9a4-60bc-467f-a334-6c792b9c0619.webp",800,800,false],"2048x2048":["https:\/\/hexibella-mode.fr\/wp-content\/uploads\/2024\/11\/6180c9a4-60bc-467f-a334-6c792b9c0619.webp",800,800,false],"trp-custom-language-flag":["https:\/\/hexibella-mode.fr\/wp-content\/uploads\/2024\/11\/6180c9a4-60bc-467f-a334-6c792b9c0619.webp",12,12,false],"woocommerce_archive_thumbnail":["https:\/\/hexibella-mode.fr\/wp-content\/uploads\/2024\/11\/6180c9a4-60bc-467f-a334-6c792b9c0619-300x300.webp",300,300,true],"woocommerce_thumbnail":["https:\/\/hexibella-mode.fr\/wp-content\/uploads\/2024\/11\/6180c9a4-60bc-467f-a334-6c792b9c0619-300x300.webp",300,300,true],"woocommerce_single":["https:\/\/hexibella-mode.fr\/wp-content\/uploads\/2024\/11\/6180c9a4-60bc-467f-a334-6c792b9c0619.webp",800,800,false],"woocommerce_gallery_thumbnail":["https:\/\/hexibella-mode.fr\/wp-content\/uploads\/2024\/11\/6180c9a4-60bc-467f-a334-6c792b9c0619-80x80.webp",80,80,true]},"uagb_author_info":{"display_name":"admin","author_link":"https:\/\/hexibella-mode.fr\/fr\/author\/"},"uagb_comment_info":0,"uagb_excerpt":"\ud83d\udd25 Our Boots Can Be Worn Two Ways\u2b50\ufe0f Price Includes Shipping Costs\ud83d\ude9a 5-9 Day Shipping\ud83d\udd04 Free Returns For 30 Days","_links":{"self":[{"href":"https:\/\/hexibella-mode.fr\/fr\/wp-json\/wp\/v2\/product\/248","targetHints":{"allow":["GET"]}}],"collection":[{"href":"https:\/\/hexibella-mode.fr\/fr\/wp-json\/wp\/v2\/product"}],"about":[{"href":"https:\/\/hexibella-mode.fr\/fr\/wp-json\/wp\/v2\/types\/product"}],"wp:featuredmedia":[{"embeddable":true,"href":"https:\/\/hexibella-mode.fr\/fr\/wp-json\/wp\/v2\/media\/318"}],"wp:attachment":[{"href":"https:\/\/hexibella-mode.fr\/fr\/wp-json\/wp\/v2\/media?parent=248"}],"wp:term":[{"taxonomy":"product_brand","embeddable":true,"href":"https:\/\/hexibella-mode.fr\/fr\/wp-json\/wp\/v2\/product_brand?post=248"},{"taxonomy":"product_cat","embeddable":true,"href":"https:\/\/hexibella-mode.fr\/fr\/wp-json\/wp\/v2\/product_cat?post=248"},{"taxonomy":"product_tag","embeddable":true,"href":"https:\/\/hexibella-mode.fr\/fr\/wp-json\/wp\/v2\/product_tag?post=248"}],"curies":[{"name":"wp","href":"https:\/\/api.w.org\/{rel}","templated":true}]}}