{"id":248,"date":"2024-11-09T13:02:00","date_gmt":"2024-11-09T20:02:00","guid":{"rendered":"https:\/\/hexibella.com\/product\/hexibella-winter-shoes\/"},"modified":"2025-01-25T15:35:34","modified_gmt":"2025-01-25T22:35:34","slug":"hexibella-winterstiefel-2","status":"publish","type":"product","link":"https:\/\/hexibella-mode.fr\/de\/produkt\/hexibella-winterstiefel-2\/","title":{"rendered":"Hexibella Winterstiefel"},"content":{"rendered":"<div class=\"wp-block-uagb-testimonial uagb-slick-carousel uagb-tm__arrow-outside uagb-block-2a04bfe9\"><div class=\"is-carousel uagb-tm__columns-1 uagb-tm__items\"><div class=\"uagb-testimonial__wrap  uagb-tm__imgicon-style-circle uagb-tm__image-position-bottom uagb-tm__bg-type-none\"><div class=\"uagb-tm__content\"><div class=\"uagb-tm__overlay\"><\/div><div class=\"uagb-tm__text-wrap\"><div class=\"uagb-tm__desc\">Sie sind gem\u00fctlich, ohne klobig zu sein, und sehen toll zu meinen Winteroutfits aus. Meine Kollegen machen mir entweder Komplimente oder fragen mich, woher ich sie habe.<\/div><div class=\"uagb-tm__meta-inner\"><div class=\"uagb-testimonial-details\"><span class=\"uagb-tm__author-name\">Aoife Gallagher<\/span><span class=\"uagb-tm__company\">Irland, \u2b50\u2b50\u2b50\u2b50\u2b50<\/span><\/div><\/div><\/div><\/div><\/div><div class=\"uagb-testimonial__wrap  uagb-tm__imgicon-style-circle uagb-tm__image-position-bottom uagb-tm__bg-type-none\"><div class=\"uagb-tm__content\"><div class=\"uagb-tm__overlay\"><\/div><div class=\"uagb-tm__text-wrap\"><div class=\"uagb-tm__desc\">Diese Stiefel sind genau das, was ich gebraucht habe. Sie sind bequem genug f\u00fcr lange Spazierg\u00e4nge und halten wirklich die K\u00e4lte ab. Es ist sch\u00f6n, Stiefel zu haben, die warm und elegant zugleich sind.<\/div><div class=\"uagb-tm__meta-inner\"><div class=\"uagb-testimonial-details\"><span class=\"uagb-tm__author-name\">Isabella Poilievre<\/span><span class=\"uagb-tm__company\">Frankreich, \u2b50\u2b50\u2b50\u2b50\u2b50<\/span><\/div><\/div><\/div><\/div><\/div><div class=\"uagb-testimonial__wrap  uagb-tm__imgicon-style-circle uagb-tm__image-position-bottom uagb-tm__bg-type-none\"><div class=\"uagb-tm__content\"><div class=\"uagb-tm__overlay\"><\/div><div class=\"uagb-tm__text-wrap\"><div class=\"uagb-tm__desc\">Diese Stiefel sind im Winter ein wahrer Lebensretter! Sie halten meine F\u00fc\u00dfe immer warm und trocken, auch wenn es stark schneit, und die Qualit\u00e4t ist fantastisch<\/div><div class=\"uagb-tm__meta-inner\"><div class=\"uagb-testimonial-details\"><span class=\"uagb-tm__author-name\">Lina Schmidt<\/span><span class=\"uagb-tm__company\">Deutschland, \u2b50\u2b50\u2b50\u2b50\u2b50<\/span><\/div><\/div><\/div><\/div><\/div><\/div><\/div>\n\n\n\n<div style=\"height:64px\" aria-hidden=\"true\" class=\"wp-block-spacer\"><\/div>\n\n\n\n<div class=\"wp-block-media-text has-media-on-the-right is-stacked-on-mobile\"><div class=\"wp-block-media-text__content\">\n<p>Unsere Stiefel kombinieren Stil mit gem\u00fctlicher Funktionalit\u00e4t. Sie sind aus robusten Materialien gefertigt und halten Ihre F\u00fc\u00dfe bei Schnee und Regen trocken. Mit ihrem kuscheligen, isolierten Futter und der robusten Sohle sind sie sowohl f\u00fcr die Stadt als auch f\u00fcr raue Winterpfade geeignet.<\/p>\n<\/div><figure class=\"wp-block-media-text__media\"><img decoding=\"async\" width=\"478\" height=\"478\" src=\"https:\/\/hexibella.com\/wp-content\/uploads\/2024\/11\/e977167d-85bb-42ca-8fe8-85e32df3233f-3.jpg\" alt=\"\" class=\"wp-image-265 size-full\" srcset=\"https:\/\/hexibella-mode.fr\/wp-content\/uploads\/2024\/11\/e977167d-85bb-42ca-8fe8-85e32df3233f-3.jpg 478w, https:\/\/hexibella-mode.fr\/wp-content\/uploads\/2024\/11\/e977167d-85bb-42ca-8fe8-85e32df3233f-3-300x300.jpg 300w, https:\/\/hexibella-mode.fr\/wp-content\/uploads\/2024\/11\/e977167d-85bb-42ca-8fe8-85e32df3233f-3-80x80.jpg 80w, https:\/\/hexibella-mode.fr\/wp-content\/uploads\/2024\/11\/e977167d-85bb-42ca-8fe8-85e32df3233f-3-150x150.jpg 150w\" sizes=\"(max-width: 478px) 100vw, 478px\" \/><\/figure><\/div>\n\n\n\n<div class=\"wp-block-media-text is-stacked-on-mobile\" style=\"padding-top:var(--wp--preset--spacing--30);padding-bottom:var(--wp--preset--spacing--30)\"><figure class=\"wp-block-media-text__media\"><img decoding=\"async\" width=\"800\" height=\"800\" src=\"https:\/\/hexibella.com\/wp-content\/uploads\/2024\/11\/6180c9a4-60bc-467f-a334-6c792b9c0619.webp\" alt=\"\" class=\"wp-image-318 size-full\" srcset=\"https:\/\/hexibella-mode.fr\/wp-content\/uploads\/2024\/11\/6180c9a4-60bc-467f-a334-6c792b9c0619.webp 800w, https:\/\/hexibella-mode.fr\/wp-content\/uploads\/2024\/11\/6180c9a4-60bc-467f-a334-6c792b9c0619-300x300.webp 300w, https:\/\/hexibella-mode.fr\/wp-content\/uploads\/2024\/11\/6180c9a4-60bc-467f-a334-6c792b9c0619-80x80.webp 80w, https:\/\/hexibella-mode.fr\/wp-content\/uploads\/2024\/11\/6180c9a4-60bc-467f-a334-6c792b9c0619-150x150.webp 150w, https:\/\/hexibella-mode.fr\/wp-content\/uploads\/2024\/11\/6180c9a4-60bc-467f-a334-6c792b9c0619-768x768.webp 768w\" sizes=\"(max-width: 800px) 100vw, 800px\" \/><\/figure><div class=\"wp-block-media-text__content\">\n<p>Die Hexibella Stiefel k\u00f6nnen auf zwei Arten getragen werden! Zum einen als gefalteter Stiefel, der die \u00e4u\u00dfere Schicht mit der beigen Pl\u00fcschisolierung kontrastiert. Zum anderen k\u00f6nnen Sie ihn als durchgehenden Stiefel tragen, so dass Sie den Stil Ihres Stiefels je nach Outfit \u00e4ndern k\u00f6nnen!<\/p>\n<\/div><\/div>\n\n\n\n<div class=\"wp-block-media-text has-media-on-the-right is-stacked-on-mobile\"><div class=\"wp-block-media-text__content\">\n<p>Diese Winterstiefel bieten maximalen Komfort mit gepolsterten Einlegesohlen und atmungsaktiver Isolierung und sind f\u00fcr den ganzt\u00e4gigen Gebrauch konzipiert. Die rutschfeste Laufsohle sorgt auch auf vereisten Wegen f\u00fcr Sicherheit!<\/p>\n<\/div><figure class=\"wp-block-media-text__media\"><img decoding=\"async\" width=\"720\" height=\"720\" src=\"https:\/\/hexibella.com\/wp-content\/uploads\/2024\/11\/Sbad44a01e08340258c07381b02bae1b63_720x_71aa2c1b-4551-40ee-bb3b-f383f33dcf00.webp\" alt=\"\" class=\"wp-image-313 size-full\" srcset=\"https:\/\/hexibella-mode.fr\/wp-content\/uploads\/2024\/11\/Sbad44a01e08340258c07381b02bae1b63_720x_71aa2c1b-4551-40ee-bb3b-f383f33dcf00.webp 720w, https:\/\/hexibella-mode.fr\/wp-content\/uploads\/2024\/11\/Sbad44a01e08340258c07381b02bae1b63_720x_71aa2c1b-4551-40ee-bb3b-f383f33dcf00-300x300.webp 300w, https:\/\/hexibella-mode.fr\/wp-content\/uploads\/2024\/11\/Sbad44a01e08340258c07381b02bae1b63_720x_71aa2c1b-4551-40ee-bb3b-f383f33dcf00-80x80.webp 80w, https:\/\/hexibella-mode.fr\/wp-content\/uploads\/2024\/11\/Sbad44a01e08340258c07381b02bae1b63_720x_71aa2c1b-4551-40ee-bb3b-f383f33dcf00-150x150.webp 150w\" sizes=\"(max-width: 720px) 100vw, 720px\" \/><\/figure><\/div>\n\n\n\n<div style=\"height:23px\" aria-hidden=\"true\" class=\"wp-block-spacer\"><\/div>\n\n\n\n<div class=\"wp-block-uagb-advanced-heading uagb-block-5c408e91\"><h2 class=\"uagb-heading-text\">H\u00e4ufig gestellte Fragen<\/h2><\/div>\n\n\n<div class=\"wp-block-uagb-faq uagb-faq__outer-wrap uagb-block-edb52445 uagb-faq-icon-row uagb-faq-layout-accordion uagb-faq-expand-first-false uagb-faq-inactive-other-true uagb-faq__wrap uagb-buttons-layout-wrap uagb-faq-equal-height\" data-faqtoggle=\"true\" role=\"tablist\"><div class=\"wp-block-uagb-faq-child uagb-faq-child__outer-wrap uagb-faq-item uagb-block-898a77c6\" role=\"tab\" tabindex=\"0\"><div class=\"uagb-faq-questions-button uagb-faq-questions\">\t\t\t<span class=\"uagb-icon uagb-faq-icon-wrap\">\n\t\t\t\t\t\t\t\t<svg xmlns=\"https:\/\/www.w3.org\/2000\/svg\" viewbox= \"0 0 448 512\"><path d=\"M432 256c0 17.69-14.33 32.01-32 32.01H256v144c0 17.69-14.33 31.99-32 31.99s-32-14.3-32-31.99v-144H48c-17.67 0-32-14.32-32-32.01s14.33-31.99 32-31.99H192v-144c0-17.69 14.33-32.01 32-32.01s32 14.32 32 32.01v144h144C417.7 224 432 238.3 432 256z\"><\/path><\/svg>\n\t\t\t\t\t\t\t<\/span>\n\t\t\t\t\t\t<span class=\"uagb-icon-active uagb-faq-icon-wrap\">\n\t\t\t\t\t\t\t\t<svg xmlns=\"https:\/\/www.w3.org\/2000\/svg\" viewbox= \"0 0 448 512\"><path d=\"M400 288h-352c-17.69 0-32-14.32-32-32.01s14.31-31.99 32-31.99h352c17.69 0 32 14.3 32 31.99S417.7 288 400 288z\"><\/path><\/svg>\n\t\t\t\t\t\t\t<\/span>\n\t\t\t<span class=\"uagb-question\">Ist der Versand kostenlos? Wie lange wird es dauern?<\/span><\/div><div class=\"uagb-faq-content\"><p>Unsere Versandkosten sind im Preis inbegriffen und der Versand dauert 5-9 Arbeitstage.<\/p><\/div><\/div><div class=\"wp-block-uagb-faq-child uagb-faq-child__outer-wrap uagb-faq-item uagb-block-6349a889\" role=\"tab\" tabindex=\"0\"><div class=\"uagb-faq-questions-button uagb-faq-questions\">\t\t\t<span class=\"uagb-icon uagb-faq-icon-wrap\">\n\t\t\t\t\t\t\t\t<svg xmlns=\"https:\/\/www.w3.org\/2000\/svg\" viewbox= \"0 0 448 512\"><path d=\"M432 256c0 17.69-14.33 32.01-32 32.01H256v144c0 17.69-14.33 31.99-32 31.99s-32-14.3-32-31.99v-144H48c-17.67 0-32-14.32-32-32.01s14.33-31.99 32-31.99H192v-144c0-17.69 14.33-32.01 32-32.01s32 14.32 32 32.01v144h144C417.7 224 432 238.3 432 256z\"><\/path><\/svg>\n\t\t\t\t\t\t\t<\/span>\n\t\t\t\t\t\t<span class=\"uagb-icon-active uagb-faq-icon-wrap\">\n\t\t\t\t\t\t\t\t<svg xmlns=\"https:\/\/www.w3.org\/2000\/svg\" viewbox= \"0 0 448 512\"><path d=\"M400 288h-352c-17.69 0-32-14.32-32-32.01s14.31-31.99 32-31.99h352c17.69 0 32 14.3 32 31.99S417.7 288 400 288z\"><\/path><\/svg>\n\t\t\t\t\t\t\t<\/span>\n\t\t\t<span class=\"uagb-question\">Haben Sie eine Geld-zur\u00fcck-Garantie?<\/span><\/div><div class=\"uagb-faq-content\"><p>Ja! Wir bieten Ihnen eine kostenlose R\u00fcckgabe f\u00fcr 30 Tage auf alle Bestellungen.<\/p><\/div><\/div><div class=\"wp-block-uagb-faq-child uagb-faq-child__outer-wrap uagb-faq-item uagb-block-8e3db11c\" role=\"tab\" tabindex=\"0\"><div class=\"uagb-faq-questions-button uagb-faq-questions\">\t\t\t<span class=\"uagb-icon uagb-faq-icon-wrap\">\n\t\t\t\t\t\t\t\t<svg xmlns=\"https:\/\/www.w3.org\/2000\/svg\" viewbox= \"0 0 448 512\"><path d=\"M432 256c0 17.69-14.33 32.01-32 32.01H256v144c0 17.69-14.33 31.99-32 31.99s-32-14.3-32-31.99v-144H48c-17.67 0-32-14.32-32-32.01s14.33-31.99 32-31.99H192v-144c0-17.69 14.33-32.01 32-32.01s32 14.32 32 32.01v144h144C417.7 224 432 238.3 432 256z\"><\/path><\/svg>\n\t\t\t\t\t\t\t<\/span>\n\t\t\t\t\t\t<span class=\"uagb-icon-active uagb-faq-icon-wrap\">\n\t\t\t\t\t\t\t\t<svg xmlns=\"https:\/\/www.w3.org\/2000\/svg\" viewbox= \"0 0 448 512\"><path d=\"M400 288h-352c-17.69 0-32-14.32-32-32.01s14.31-31.99 32-31.99h352c17.69 0 32 14.3 32 31.99S417.7 288 400 288z\"><\/path><\/svg>\n\t\t\t\t\t\t\t<\/span>\n\t\t\t<span class=\"uagb-question\">Sind meine Zahlungsinformationen sicher?<\/span><\/div><div class=\"uagb-faq-content\"><p>Ihre Zahlungsinformationen sind vollst\u00e4ndig verschl\u00fcsselt und sicher. Wir verwenden Stripe und PayPal, um Transaktionen abzuwickeln. Beide Dienste verwenden fortschrittliche Verschl\u00fcsselungstechniken, um die Sicherheit Ihrer Zahlungsdaten zu gew\u00e4hrleisten.<\/p><\/div><\/div><div class=\"wp-block-uagb-faq-child uagb-faq-child__outer-wrap uagb-faq-item uagb-block-11ee099b\" role=\"tab\" tabindex=\"0\"><div class=\"uagb-faq-questions-button uagb-faq-questions\">\t\t\t<span class=\"uagb-icon uagb-faq-icon-wrap\">\n\t\t\t\t\t\t\t\t<svg xmlns=\"https:\/\/www.w3.org\/2000\/svg\" viewbox= \"0 0 448 512\"><path d=\"M432 256c0 17.69-14.33 32.01-32 32.01H256v144c0 17.69-14.33 31.99-32 31.99s-32-14.3-32-31.99v-144H48c-17.67 0-32-14.32-32-32.01s14.33-31.99 32-31.99H192v-144c0-17.69 14.33-32.01 32-32.01s32 14.32 32 32.01v144h144C417.7 224 432 238.3 432 256z\"><\/path><\/svg>\n\t\t\t\t\t\t\t<\/span>\n\t\t\t\t\t\t<span class=\"uagb-icon-active uagb-faq-icon-wrap\">\n\t\t\t\t\t\t\t\t<svg xmlns=\"https:\/\/www.w3.org\/2000\/svg\" viewbox= \"0 0 448 512\"><path d=\"M400 288h-352c-17.69 0-32-14.32-32-32.01s14.31-31.99 32-31.99h352c17.69 0 32 14.3 32 31.99S417.7 288 400 288z\"><\/path><\/svg>\n\t\t\t\t\t\t\t<\/span>\n\t\t\t<span class=\"uagb-question\">Welche Zahlungsarten kann ich verwenden?<\/span><\/div><div class=\"uagb-faq-content\"><p>Wir akzeptieren alle g\u00e4ngigen Kredit-\/Debitkarten sowie PayPal, Apple Pay und Google Pay. Da wir in Europa ans\u00e4ssig sind, akzeptieren wir auch Cartes Bancaires, IDeal, Bancontact, SEPA-Bank\u00fcberweisung\/Lastschrift, EPS.<\/p><\/div><\/div><div class=\"wp-block-uagb-faq-child uagb-faq-child__outer-wrap uagb-faq-item uagb-block-7229b0cf\" role=\"tab\" tabindex=\"0\"><div class=\"uagb-faq-questions-button uagb-faq-questions\">\t\t\t<span class=\"uagb-icon uagb-faq-icon-wrap\">\n\t\t\t\t\t\t\t\t<svg xmlns=\"https:\/\/www.w3.org\/2000\/svg\" viewbox= \"0 0 448 512\"><path d=\"M432 256c0 17.69-14.33 32.01-32 32.01H256v144c0 17.69-14.33 31.99-32 31.99s-32-14.3-32-31.99v-144H48c-17.67 0-32-14.32-32-32.01s14.33-31.99 32-31.99H192v-144c0-17.69 14.33-32.01 32-32.01s32 14.32 32 32.01v144h144C417.7 224 432 238.3 432 256z\"><\/path><\/svg>\n\t\t\t\t\t\t\t<\/span>\n\t\t\t\t\t\t<span class=\"uagb-icon-active uagb-faq-icon-wrap\">\n\t\t\t\t\t\t\t\t<svg xmlns=\"https:\/\/www.w3.org\/2000\/svg\" viewbox= \"0 0 448 512\"><path d=\"M400 288h-352c-17.69 0-32-14.32-32-32.01s14.31-31.99 32-31.99h352c17.69 0 32 14.3 32 31.99S417.7 288 400 288z\"><\/path><\/svg>\n\t\t\t\t\t\t\t<\/span>\n\t\t\t<span class=\"uagb-question\">Kann ich meine Bestellung verfolgen?<\/span><\/div><div class=\"uagb-faq-content\"><p>Ja. Sobald die Bestellung versandt wurde, senden wir Ihnen eine E-Mail mit dem Status Ihrer Bestellung und einer Tracking-Nummer.<\/p><\/div><\/div><\/div>\n\n\n<p><\/p>","protected":false},"excerpt":{"rendered":"<p>\ud83d\udd25 Unsere Stiefel k\u00f6nnen auf zwei Arten getragen werden<br \/>\u2b50\ufe0f Preis inklusive Versandkosten<br \/>\ud83d\ude9a 5-9 Tage Versand<br \/>\ud83d\udd04 Kostenlose R\u00fcckgabe f\u00fcr 30 Tage<\/p>","protected":false},"featured_media":318,"template":"","meta":{"_acf_changed":false,"bwfblock_default_font":"","_uag_custom_page_level_css":""},"product_brand":[],"product_cat":[68],"product_tag":[],"class_list":{"0":"post-248","1":"product","2":"type-product","3":"status-publish","4":"has-post-thumbnail","6":"product_cat-shoes","8":"first","9":"instock","10":"sale","11":"taxable","12":"shipping-taxable","13":"purchasable","14":"product-type-variable"},"acf":[],"uagb_featured_image_src":{"full":["https:\/\/hexibella-mode.fr\/wp-content\/uploads\/2024\/11\/6180c9a4-60bc-467f-a334-6c792b9c0619.webp",800,800,false],"thumbnail":["https:\/\/hexibella-mode.fr\/wp-content\/uploads\/2024\/11\/6180c9a4-60bc-467f-a334-6c792b9c0619-150x150.webp",150,150,true],"medium":["https:\/\/hexibella-mode.fr\/wp-content\/uploads\/2024\/11\/6180c9a4-60bc-467f-a334-6c792b9c0619-300x300.webp",300,300,true],"medium_large":["https:\/\/hexibella-mode.fr\/wp-content\/uploads\/2024\/11\/6180c9a4-60bc-467f-a334-6c792b9c0619-768x768.webp",768,768,true],"large":["https:\/\/hexibella-mode.fr\/wp-content\/uploads\/2024\/11\/6180c9a4-60bc-467f-a334-6c792b9c0619.webp",800,800,false],"1536x1536":["https:\/\/hexibella-mode.fr\/wp-content\/uploads\/2024\/11\/6180c9a4-60bc-467f-a334-6c792b9c0619.webp",800,800,false],"2048x2048":["https:\/\/hexibella-mode.fr\/wp-content\/uploads\/2024\/11\/6180c9a4-60bc-467f-a334-6c792b9c0619.webp",800,800,false],"trp-custom-language-flag":["https:\/\/hexibella-mode.fr\/wp-content\/uploads\/2024\/11\/6180c9a4-60bc-467f-a334-6c792b9c0619.webp",12,12,false],"woocommerce_archive_thumbnail":["https:\/\/hexibella-mode.fr\/wp-content\/uploads\/2024\/11\/6180c9a4-60bc-467f-a334-6c792b9c0619-300x300.webp",300,300,true],"woocommerce_thumbnail":["https:\/\/hexibella-mode.fr\/wp-content\/uploads\/2024\/11\/6180c9a4-60bc-467f-a334-6c792b9c0619-300x300.webp",300,300,true],"woocommerce_single":["https:\/\/hexibella-mode.fr\/wp-content\/uploads\/2024\/11\/6180c9a4-60bc-467f-a334-6c792b9c0619.webp",800,800,false],"woocommerce_gallery_thumbnail":["https:\/\/hexibella-mode.fr\/wp-content\/uploads\/2024\/11\/6180c9a4-60bc-467f-a334-6c792b9c0619-80x80.webp",80,80,true]},"uagb_author_info":{"display_name":"admin","author_link":"https:\/\/hexibella-mode.fr\/de\/author\/"},"uagb_comment_info":0,"uagb_excerpt":"\ud83d\udd25 Our Boots Can Be Worn Two Ways\u2b50\ufe0f Price Includes Shipping Costs\ud83d\ude9a 5-9 Day Shipping\ud83d\udd04 Free Returns For 30 Days","_links":{"self":[{"href":"https:\/\/hexibella-mode.fr\/de\/wp-json\/wp\/v2\/product\/248","targetHints":{"allow":["GET"]}}],"collection":[{"href":"https:\/\/hexibella-mode.fr\/de\/wp-json\/wp\/v2\/product"}],"about":[{"href":"https:\/\/hexibella-mode.fr\/de\/wp-json\/wp\/v2\/types\/product"}],"wp:featuredmedia":[{"embeddable":true,"href":"https:\/\/hexibella-mode.fr\/de\/wp-json\/wp\/v2\/media\/318"}],"wp:attachment":[{"href":"https:\/\/hexibella-mode.fr\/de\/wp-json\/wp\/v2\/media?parent=248"}],"wp:term":[{"taxonomy":"product_brand","embeddable":true,"href":"https:\/\/hexibella-mode.fr\/de\/wp-json\/wp\/v2\/product_brand?post=248"},{"taxonomy":"product_cat","embeddable":true,"href":"https:\/\/hexibella-mode.fr\/de\/wp-json\/wp\/v2\/product_cat?post=248"},{"taxonomy":"product_tag","embeddable":true,"href":"https:\/\/hexibella-mode.fr\/de\/wp-json\/wp\/v2\/product_tag?post=248"}],"curies":[{"name":"wp","href":"https:\/\/api.w.org\/{rel}","templated":true}]}}